{"id":296,"date":"2016-07-20T22:02:17","date_gmt":"2016-07-20T22:02:17","guid":{"rendered":"http:\/\/wordix.inesctec.pt\/wp-forumoutono\/?page_id=296"},"modified":"2019-07-29T11:04:20","modified_gmt":"2019-07-29T11:04:20","slug":"apresentacoes","status":"publish","type":"page","link":"https:\/\/forumdooutono.inesctec.pt\/index.php\/previous-editions\/2015-2\/apresentacoes\/","title":{"rendered":"Apresenta\u00e7\u00f5es 2015"},"content":{"rendered":"<p><a href=\"http:\/\/forumdooutono.inesctec.pt\/index.php\/edicao-de-2015\/2015-2\/programa\/\"><span style=\"color: #652b1f;\">Programa<\/span><\/a> | <a href=\"http:\/\/forumdooutono.inesctec.pt\/index.php\/edicao-de-2015\/2015-2\/galeria-multimedia\/\"><span style=\"color: #652b1f;\">Galeria Multim\u00e9dia<\/span><\/a> | <a href=\"http:\/\/forumdooutono.inesctec.pt\/index.php\/edicao-de-2015\/2015-2\/noticias\/\"><span style=\"color: #652b1f;\">Not\u00edcias<\/span><\/a><\/p>\n<h5>Manh\u00e3<\/h5>\n<p><a href=\"http:\/\/30anos.inesctec.pt\/pt\/apresentacoes-evento\/Heinrich%20Flegel.pdf\"> Heinrich Flegel.pdf<\/a><br \/>\n<a href=\"http:\/\/30anos.inesctec.pt\/pt\/apresentacoes-evento\/Mike%20Wright.pdf\">Mike Wright.pdf<\/a><br \/>\n<a href=\"http:\/\/30anos.inesctec.pt\/pt\/apresentacoes-evento\/Rikardo%20Bueno.pdf\">Rikardo Bueno.pdf<\/a><\/p>\n<h5>Tarde<\/h5>\n<p>Sess\u00e3o Energia<br \/>\n<a href=\"http:\/\/30anos.inesctec.pt\/pt\/apresentacoes-evento\/Antonio%20Vidigal.pdf\">Ant\u00f3nio Vidigal.pdf<\/a><br \/>\nSess\u00e3o Ind\u00fastria<br \/>\n<a href=\"http:\/\/30anos.inesctec.pt\/pt\/apresentacoes-evento\/Jose%20Carlos%20Caldeira.pdf\">Jos\u00e9 Carlos Caldeira.pdf<\/a><\/p>\n","protected":false},"excerpt":{"rendered":"<p>Programa | Galeria Multim\u00e9dia | Not\u00edcias Manh\u00e3 Heinrich Flegel.pdf Mike Wright.pdf Rikardo Bueno.pdf Tarde Sess\u00e3o Energia Ant\u00f3nio Vidigal.pdf Sess\u00e3o Ind\u00fastria Jos\u00e9 Carlos Caldeira.pdf<\/p>\n","protected":false},"author":2,"featured_media":0,"parent":98,"menu_order":2,"comment_status":"closed","ping_status":"closed","template":"","meta":{"ngg_post_thumbnail":0,"footnotes":""},"class_list":["post-296","page","type-page","status-publish","hentry"],"_links":{"self":[{"href":"https:\/\/forumdooutono.inesctec.pt\/index.php\/wp-json\/wp\/v2\/pages\/296","targetHints":{"allow":["GET"]}}],"collection":[{"href":"https:\/\/forumdooutono.inesctec.pt\/index.php\/wp-json\/wp\/v2\/pages"}],"about":[{"href":"https:\/\/forumdooutono.inesctec.pt\/index.php\/wp-json\/wp\/v2\/types\/page"}],"author":[{"embeddable":true,"href":"https:\/\/forumdooutono.inesctec.pt\/index.php\/wp-json\/wp\/v2\/users\/2"}],"replies":[{"embeddable":true,"href":"https:\/\/forumdooutono.inesctec.pt\/index.php\/wp-json\/wp\/v2\/comments?post=296"}],"version-history":[{"count":17,"href":"https:\/\/forumdooutono.inesctec.pt\/index.php\/wp-json\/wp\/v2\/pages\/296\/revisions"}],"predecessor-version":[{"id":1878,"href":"https:\/\/forumdooutono.inesctec.pt\/index.php\/wp-json\/wp\/v2\/pages\/296\/revisions\/1878"}],"up":[{"embeddable":true,"href":"https:\/\/forumdooutono.inesctec.pt\/index.php\/wp-json\/wp\/v2\/pages\/98"}],"wp:attachment":[{"href":"https:\/\/forumdooutono.inesctec.pt\/index.php\/wp-json\/wp\/v2\/media?parent=296"}],"curies":[{"name":"wp","href":"https:\/\/api.w.org\/{rel}","templated":true}]}}