{"id":2353,"date":"2020-10-14T08:49:26","date_gmt":"2020-10-14T08:49:26","guid":{"rendered":"http:\/\/forumdooutono.inesctec.pt\/?page_id=2353"},"modified":"2020-10-14T08:49:29","modified_gmt":"2020-10-14T08:49:29","slug":"apresentacoes-2019","status":"publish","type":"page","link":"https:\/\/forumdooutono.inesctec.pt\/index.php\/apresentacoes-2019\/","title":{"rendered":"Apresenta\u00e7\u00f5es 2019"},"content":{"rendered":"\n<p><a href=\"http:\/\/forumdooutono.inesctec.pt\/index.php\/edicoes-anteriores\/edicao-2018\/programa-2018\/\">Programa<\/a>\u00a0|\u00a0<a href=\"http:\/\/forumdooutono.inesctec.pt\/index.php\/galeria-multimedia-2018\/\">Galeria Multim\u00e9dia<\/a>\u00a0|\u00a0<a href=\"http:\/\/forumdooutono.inesctec.pt\/index.php\/edicoes-anteriores\/edicao-2018\/apresentacoes-2018\/\">Apresenta\u00e7\u00f5es Oradores<\/a>\u00a0|\u00a0<a href=\"http:\/\/forumdooutono.inesctec.pt\/index.php\/edicoes-anteriores\/edicao-2018\/noticias-2018\/\">Not\u00edcias<\/a><\/p>\n\n\n\n<p><em><strong><a href=\"http:\/\/forumdooutono.inesctec.pt\/wp-content\/uploads\/2019\/11\/George-Beers.pdf\">George Beers<\/a><\/strong><\/em><\/p>\n\n\n\n<p><em><strong><a href=\"http:\/\/forumdooutono.inesctec.pt\/wp-content\/uploads\/2019\/11\/Jose-Rafael-Marques-da-Silva.pdf\">Jos\u00e9 Silva<\/a><\/strong><\/em><\/p>\n\n\n\n<p><em><strong><a href=\"http:\/\/forumdooutono.inesctec.pt\/wp-content\/uploads\/2019\/11\/Luis-Mira-da-Silva.pdf\">Lu\u00eds Mira da Silva<\/a><\/strong><\/em><\/p>\n\n\n\n<p><\/p>\n","protected":false},"excerpt":{"rendered":"<p>Programa\u00a0|\u00a0Galeria Multim\u00e9dia\u00a0|\u00a0Apresenta\u00e7\u00f5es Oradores\u00a0|\u00a0Not\u00edcias George Beers Jos\u00e9 Silva Lu\u00eds Mira da Silva<\/p>\n","protected":false},"author":2,"featured_media":0,"parent":0,"menu_order":0,"comment_status":"closed","ping_status":"closed","template":"","meta":{"ngg_post_thumbnail":0,"footnotes":""},"class_list":["post-2353","page","type-page","status-publish","hentry"],"_links":{"self":[{"href":"https:\/\/forumdooutono.inesctec.pt\/index.php\/wp-json\/wp\/v2\/pages\/2353","targetHints":{"allow":["GET"]}}],"collection":[{"href":"https:\/\/forumdooutono.inesctec.pt\/index.php\/wp-json\/wp\/v2\/pages"}],"about":[{"href":"https:\/\/forumdooutono.inesctec.pt\/index.php\/wp-json\/wp\/v2\/types\/page"}],"author":[{"embeddable":true,"href":"https:\/\/forumdooutono.inesctec.pt\/index.php\/wp-json\/wp\/v2\/users\/2"}],"replies":[{"embeddable":true,"href":"https:\/\/forumdooutono.inesctec.pt\/index.php\/wp-json\/wp\/v2\/comments?post=2353"}],"version-history":[{"count":1,"href":"https:\/\/forumdooutono.inesctec.pt\/index.php\/wp-json\/wp\/v2\/pages\/2353\/revisions"}],"predecessor-version":[{"id":2354,"href":"https:\/\/forumdooutono.inesctec.pt\/index.php\/wp-json\/wp\/v2\/pages\/2353\/revisions\/2354"}],"wp:attachment":[{"href":"https:\/\/forumdooutono.inesctec.pt\/index.php\/wp-json\/wp\/v2\/media?parent=2353"}],"curies":[{"name":"wp","href":"https:\/\/api.w.org\/{rel}","templated":true}]}}