{"id":2349,"date":"2020-10-14T08:45:00","date_gmt":"2020-10-14T08:45:00","guid":{"rendered":"http:\/\/forumdooutono.inesctec.pt\/?page_id=2349"},"modified":"2020-10-14T08:46:29","modified_gmt":"2020-10-14T08:46:29","slug":"programa-2","status":"publish","type":"page","link":"https:\/\/forumdooutono.inesctec.pt\/index.php\/programa-2\/","title":{"rendered":"Programa 2019"},"content":{"rendered":"\n<p><a href=\"http:\/\/forumdooutono.inesctec.pt\/index.php\/programa\/oradores-convidados\/?lang=pt\">Oradores Convidados<\/a>&nbsp;|&nbsp;<a href=\"http:\/\/forumdooutono.inesctec.pt\/index.php\/programa\/local\/?lang=pt\">Local<\/a>&nbsp;|&nbsp;<a href=\"http:\/\/forumdooutono.inesctec.pt\/index.php\/programa\/organizacao\/\">Comiss\u00e3o Organizadora<\/a><\/p>\n\n\n\n<h5 class=\"wp-block-heading\">\u201cA (R)EVOLU\u00c7\u00c3O DIGITAL NO AGRO-ALIMENTAR E FLORESTA\u201d<\/h5>\n\n\n\n<h5 class=\"wp-block-heading\">Data:&nbsp;12 de novembro de 2019<\/h5>\n\n\n\n<h5 class=\"wp-block-heading\">Local:&nbsp;Biblioteca Almeida Garrett, Porto<\/h5>\n\n\n\n<h5 class=\"wp-block-heading\">P\u00fablico-alvo:&nbsp;Empresas e outras institui\u00e7\u00f5es<\/h5>\n\n\n\n<p><strong>10:30 Rece\u00e7\u00e3o e Registo de Participantes<\/strong><\/p>\n\n\n\n<p><strong>11:00 Abertura&nbsp;<\/strong><\/p>\n\n\n\n<p>Pedro Guedes de Oliveira&nbsp;|<em>&nbsp;INESC TEC\/ FEUP<\/em><\/p>\n\n\n\n<p>Jo\u00e3o Claro |&nbsp;<em>INESC TEC \/ FEUP<\/em><\/p>\n\n\n\n<p>Pedro Rodrigues |&nbsp;<em>Vice-Reitor da Universidade do Porto&nbsp;<\/em><\/p>\n\n\n\n<p><strong>11:30 Interven\u00e7\u00f5es convidadas&nbsp;<\/strong><\/p>\n\n\n\n<p>George Beers |&nbsp;<em>Wageningen University &amp; Research<\/em><\/p>\n\n\n\n<p>Lu\u00eds Mira da Silva |&nbsp;<em>Instituto Superior de Agronomia \/ CONSULAI<\/em><\/p>\n\n\n\n<p><strong>12:30 Almo\u00e7o<\/strong><\/p>\n\n\n\n<p><strong>14:15 Desafios para o futuro: agricultura com mais ci\u00eancia e inova\u00e7\u00e3o&nbsp;<\/strong><\/p>\n\n\n\n<p>Jos\u00e9 Manuel Mendon\u00e7a &nbsp;| INESC TEC\/ FEUP<\/p>\n\n\n\n<p>Nuno Canada |&nbsp;<em>INIAV&nbsp;<\/em><\/p>\n\n\n\n<p>Maria do C\u00e9u Albuquerque |&nbsp;<em>Ministra da Agricultura&nbsp;<\/em><\/p>\n\n\n\n<p>Manuel Heitor &nbsp;|&nbsp;<em>Ministro da Ci\u00eancia, Tecnologia e Ensino Superior&nbsp;<\/em><\/p>\n\n\n\n<p><strong>15:00 1\u00ba painel: O Impacto das Tecnologias<\/strong><br>Keynote Speaker: Jo\u00e3o Coimbra |&nbsp;<em>Quinta da Cholda<\/em><\/p>\n\n\n\n<p><strong>Painel moderado por Jo\u00e3o Ribeiro Lima &nbsp;|&nbsp;<em>INIAV&nbsp;<\/em><\/strong><\/p>\n\n\n\n<p>Participantes:<\/p>\n\n\n\n<p>Rosa Amador |&nbsp;<em>ADVID<\/em><\/p>\n\n\n\n<p>Carmo Martins |&nbsp;<em>COTHN<\/em><\/p>\n\n\n\n<p>Nuno Calado |&nbsp;<em>ForestWISE\/Sonae Arauco<\/em><\/p>\n\n\n\n<p>Vasco Cortes Martins |&nbsp;<em>Elaia<\/em><\/p>\n\n\n\n<p><strong>16:30 Intervalo para caf\u00e9<\/strong><\/p>\n\n\n\n<p><strong>17:00 2\u00ba painel: A proposta tecnol\u00f3gica&nbsp;<\/strong><br>Keynote Speaker: Jos\u00e9 Rafael Marques da Silva |&nbsp;<em>AgroInsider<\/em><\/p>\n\n\n\n<p><strong>Painel moderado por Andr\u00e9 S\u00e1&nbsp;|&nbsp;<em>INESC TEC<\/em><\/strong><\/p>\n\n\n\n<p>Participantes:<\/p>\n\n\n\n<p>Ricardo Teixeira |&nbsp;<em>Herculano<\/em><\/p>\n\n\n\n<p>Miguel Ferreira |&nbsp;<em>CUTPLANT SOLUTIONS\/VICORT<\/em><\/p>\n\n\n\n<p>Francisco Manso |&nbsp;<em>Trigger.Systems<\/em><\/p>\n\n\n\n<p>Paulo Dami\u00e3o |&nbsp;<em>Tomix<\/em><\/p>\n\n\n\n<p><strong>18:30 S\u00edntese e Conclus\u00f5es<\/strong><\/p>\n\n\n\n<p>Isabel Martins | Vida Rural<\/p>\n\n\n\n<p><strong>18:50 Encerramento<\/strong><\/p>\n\n\n\n<p>Assinatura de Protocolo de Colabora\u00e7\u00e3o: INESC TEC\/Instituto Superior de Agronomia\/INOVISA<\/p>\n\n\n\n<p>Assinatura de Protocolo de Colabora\u00e7\u00e3o: INESC TEC\/GreenUPorto<\/p>\n\n\n\n<p>Nuno Canada |&nbsp;<em>INIAV&nbsp;<\/em><\/p>\n\n\n\n<p>Jos\u00e9 Manuel Mendon\u00e7a &nbsp;| INESC TEC\/ FEUP<\/p>\n","protected":false},"excerpt":{"rendered":"<p>Oradores Convidados&nbsp;|&nbsp;Local&nbsp;|&nbsp;Comiss\u00e3o Organizadora \u201cA (R)EVOLU\u00c7\u00c3O DIGITAL NO AGRO-ALIMENTAR E FLORESTA\u201d Data:&nbsp;12 de novembro de 2019 Local:&nbsp;Biblioteca Almeida Garrett, Porto P\u00fablico-alvo:&nbsp;Empresas e outras institui\u00e7\u00f5es 10:30 Rece\u00e7\u00e3o e Registo de Participantes 11:00 Abertura&nbsp; Pedro Guedes de Oliveira&nbsp;|&nbsp;INESC TEC\/ FEUP Jo\u00e3o Claro |&nbsp;INESC TEC \/ FEUP Pedro Rodrigues |&nbsp;Vice-Reitor da Universidade do Porto&nbsp; 11:30 Interven\u00e7\u00f5es convidadas&nbsp; George Beers [&hellip;]<\/p>\n","protected":false},"author":2,"featured_media":0,"parent":0,"menu_order":0,"comment_status":"closed","ping_status":"closed","template":"","meta":{"ngg_post_thumbnail":0,"footnotes":""},"class_list":["post-2349","page","type-page","status-publish","hentry"],"_links":{"self":[{"href":"https:\/\/forumdooutono.inesctec.pt\/index.php\/wp-json\/wp\/v2\/pages\/2349","targetHints":{"allow":["GET"]}}],"collection":[{"href":"https:\/\/forumdooutono.inesctec.pt\/index.php\/wp-json\/wp\/v2\/pages"}],"about":[{"href":"https:\/\/forumdooutono.inesctec.pt\/index.php\/wp-json\/wp\/v2\/types\/page"}],"author":[{"embeddable":true,"href":"https:\/\/forumdooutono.inesctec.pt\/index.php\/wp-json\/wp\/v2\/users\/2"}],"replies":[{"embeddable":true,"href":"https:\/\/forumdooutono.inesctec.pt\/index.php\/wp-json\/wp\/v2\/comments?post=2349"}],"version-history":[{"count":2,"href":"https:\/\/forumdooutono.inesctec.pt\/index.php\/wp-json\/wp\/v2\/pages\/2349\/revisions"}],"predecessor-version":[{"id":2352,"href":"https:\/\/forumdooutono.inesctec.pt\/index.php\/wp-json\/wp\/v2\/pages\/2349\/revisions\/2352"}],"wp:attachment":[{"href":"https:\/\/forumdooutono.inesctec.pt\/index.php\/wp-json\/wp\/v2\/media?parent=2349"}],"curies":[{"name":"wp","href":"https:\/\/api.w.org\/{rel}","templated":true}]}}