{"id":1493,"date":"2018-07-10T11:20:07","date_gmt":"2018-07-10T11:20:07","guid":{"rendered":"http:\/\/forumdooutono.inesctec.pt\/?page_id=1493"},"modified":"2019-07-29T11:26:00","modified_gmt":"2019-07-29T11:26:00","slug":"english-2017","status":"publish","type":"page","link":"https:\/\/forumdooutono.inesctec.pt\/index.php\/previous-editions\/english-2017\/","title":{"rendered":"2017"},"content":{"rendered":"<p><a href=\"http:\/\/forumdooutono.inesctec.pt\/index.php\/edicoes-anteriores\/english-2017\/programa-2017\/?lang=pt\">Programa<\/a> | <a href=\"http:\/\/forumdooutono.inesctec.pt\/index.php\/edicoes-anteriores\/english-2017\/galeria-multimedia-2017\/?lang=pt\">Galeria Multim\u00e9dia<\/a> | <a href=\"http:\/\/forumdooutono.inesctec.pt\/index.php\/edicoes-anteriores\/english-2017\/apresentacoes-2107\/?lang=pt\">Apresenta\u00e7\u00f5es Oradores<\/a> | <a href=\"http:\/\/forumdooutono.inesctec.pt\/index.php\/edicoes-anteriores\/english-2017\/noticias-2017\/?lang=pt\">Not\u00edcias<\/a><\/p>\n","protected":false},"excerpt":{"rendered":"<p>Programa | Galeria Multim\u00e9dia | Apresenta\u00e7\u00f5es Oradores | Not\u00edcias<\/p>\n","protected":false},"author":2,"featured_media":0,"parent":25,"menu_order":0,"comment_status":"closed","ping_status":"closed","template":"","meta":{"ngg_post_thumbnail":0,"footnotes":""},"class_list":["post-1493","page","type-page","status-publish","hentry"],"_links":{"self":[{"href":"https:\/\/forumdooutono.inesctec.pt\/index.php\/wp-json\/wp\/v2\/pages\/1493","targetHints":{"allow":["GET"]}}],"collection":[{"href":"https:\/\/forumdooutono.inesctec.pt\/index.php\/wp-json\/wp\/v2\/pages"}],"about":[{"href":"https:\/\/forumdooutono.inesctec.pt\/index.php\/wp-json\/wp\/v2\/types\/page"}],"author":[{"embeddable":true,"href":"https:\/\/forumdooutono.inesctec.pt\/index.php\/wp-json\/wp\/v2\/users\/2"}],"replies":[{"embeddable":true,"href":"https:\/\/forumdooutono.inesctec.pt\/index.php\/wp-json\/wp\/v2\/comments?post=1493"}],"version-history":[{"count":5,"href":"https:\/\/forumdooutono.inesctec.pt\/index.php\/wp-json\/wp\/v2\/pages\/1493\/revisions"}],"predecessor-version":[{"id":1892,"href":"https:\/\/forumdooutono.inesctec.pt\/index.php\/wp-json\/wp\/v2\/pages\/1493\/revisions\/1892"}],"up":[{"embeddable":true,"href":"https:\/\/forumdooutono.inesctec.pt\/index.php\/wp-json\/wp\/v2\/pages\/25"}],"wp:attachment":[{"href":"https:\/\/forumdooutono.inesctec.pt\/index.php\/wp-json\/wp\/v2\/media?parent=1493"}],"curies":[{"name":"wp","href":"https:\/\/api.w.org\/{rel}","templated":true}]}}